{"id":80,"date":"2017-07-25T18:30:06","date_gmt":"2017-07-25T18:30:06","guid":{"rendered":"http:\/\/lasertechnik-grimm.de\/?page_id=80"},"modified":"2025-06-25T14:21:46","modified_gmt":"2025-06-25T14:21:46","slug":"kontakt","status":"publish","type":"page","link":"https:\/\/lasertechnik-grimm.de\/?page_id=80","title":{"rendered":"So erreichen Sie uns&#8230;"},"content":{"rendered":"<div id=\"pl-80\"  class=\"panel-layout\" ><div id=\"pg-80-0\"  class=\"panel-grid panel-no-style\" ><div id=\"pgc-80-0-0\"  class=\"panel-grid-cell\" ><div id=\"panel-80-0-0-0\" class=\"so-panel widget widget_sow-editor panel-first-child panel-last-child\" data-index=\"0\" ><div\n\t\t\t\n\t\t\tclass=\"so-widget-sow-editor so-widget-sow-editor-base\"\n\t\t\t\n\t\t>\n<div class=\"siteorigin-widget-tinymce textwidget\">\n\t<h1>Unsere Adresse:<\/h1>\n<div class=\"groesser\">\n<p>LAT Laser Anwendungs Technik<br \/>\nSedat Ergin Ergani<br \/>\nB\u00fclowstr.4<br \/>\n42389 Wuppertal<\/p>\n<hr \/>\n<\/div>\n<h1>Sie erreichen uns per Telefon, Email oder Telefax:<\/h1>\n<div class=\"groesser\">\n<p>Telefon: (+49) 202 - 260 42 42<br \/>\nTelefax: (+49) 202 - 260 42 44<\/p>\n<p>Email: <a href=\"mailto:info@laseranwendungstechnik.eu\">info@laseranwendungstechnik.eu<\/a><\/p>\n<hr \/>\n<\/div>\n<h1>Sie k\u00f6nnen uns f\u00fcr Ihre Anfrage oder Ihren Auftrag folgende Daten zur Verf\u00fcgung stellen.<br \/>\nDies erleichert ihnen und uns die Bearbeitung:<\/h1>\n<div class=\"groesser\">\n<p>IGES (<a href=\"http:\/\/de.wikipedia.org\/wiki\/IGES\" target=\"_blank\" rel=\"noopener\">Initial Graphics Exchange Specification<\/a>)<\/p>\n<p>AutoCad Standard (Version V12)<br \/>\nFormat : DXF \/ DWG (<a href=\"http:\/\/de.wikipedia.org\/wiki\/DXF%20target=\">Drawing Exchange Format<\/a>)<\/p>\n<p>Wir pr\u00fcfen gerne Ihre Daten und halten ggf. R\u00fccksprache.Selbstverst\u00e4ndlich sind Ihre Daten bei uns in sicheren H\u00e4nden. Wir verpflichten uns, Dritten ihre Daten, ohne Ihre Genehmigung, in keiner Weise zug\u00e4nglich zu machen.<\/p>\n<\/div>\n<p>Oder f\u00fcllen Sie hier unser Kontakt Formular aus und schicken Sie uns eine Nachricht, wir werden uns schnellstm\u00f6glich mit Ihnen in Verbindung setzen<\/p>\n<\/div>\n<\/div><\/div><\/div><\/div><div id=\"pg-80-1\"  class=\"panel-grid panel-no-style\" ><div id=\"pgc-80-1-0\"  class=\"panel-grid-cell\" ><div id=\"panel-80-1-0-0\" class=\"so-panel widget panel-first-child panel-last-child\" data-index=\"1\" ><\/div><\/div><\/div><\/div>","protected":false},"excerpt":{"rendered":"<p>Unsere Adresse: LAT Laser Anwendungs Technik Sedat Ergin Ergani B\u00fclowstr.4 42389 Wuppertal Sie erreichen uns per Telefon, Email oder Telefax: Telefon: (+49) 202 &#8211; 260 42 42 Telefax: (+49) 202 &#8211; 260 42 44 Email: info@laseranwendungstechnik.eu Sie k\u00f6nnen uns f\u00fcr Ihre Anfrage oder Ihren Auftrag folgende Daten zur Verf\u00fcgung stellen. Dies erleichert ihnen und uns &hellip; <\/p>\n<p class=\"link-more\"><a href=\"https:\/\/lasertechnik-grimm.de\/?page_id=80\" class=\"more-link\"><span class=\"screen-reader-text\">\u201eSo erreichen Sie uns&#8230;\u201c<\/span> weiterlesen<\/a><\/p>\n","protected":false},"author":1,"featured_media":0,"parent":0,"menu_order":0,"comment_status":"closed","ping_status":"closed","template":"","meta":{"footnotes":""},"class_list":["post-80","page","type-page","status-publish","hentry"],"_links":{"self":[{"href":"https:\/\/lasertechnik-grimm.de\/index.php?rest_route=\/wp\/v2\/pages\/80","targetHints":{"allow":["GET"]}}],"collection":[{"href":"https:\/\/lasertechnik-grimm.de\/index.php?rest_route=\/wp\/v2\/pages"}],"about":[{"href":"https:\/\/lasertechnik-grimm.de\/index.php?rest_route=\/wp\/v2\/types\/page"}],"author":[{"embeddable":true,"href":"https:\/\/lasertechnik-grimm.de\/index.php?rest_route=\/wp\/v2\/users\/1"}],"replies":[{"embeddable":true,"href":"https:\/\/lasertechnik-grimm.de\/index.php?rest_route=%2Fwp%2Fv2%2Fcomments&post=80"}],"version-history":[{"count":26,"href":"https:\/\/lasertechnik-grimm.de\/index.php?rest_route=\/wp\/v2\/pages\/80\/revisions"}],"predecessor-version":[{"id":280,"href":"https:\/\/lasertechnik-grimm.de\/index.php?rest_route=\/wp\/v2\/pages\/80\/revisions\/280"}],"wp:attachment":[{"href":"https:\/\/lasertechnik-grimm.de\/index.php?rest_route=%2Fwp%2Fv2%2Fmedia&parent=80"}],"curies":[{"name":"wp","href":"https:\/\/api.w.org\/{rel}","templated":true}]}}