{"id":14,"date":"2017-07-20T17:25:13","date_gmt":"2017-07-20T17:25:13","guid":{"rendered":"http:\/\/lasertechnik-grimm.de\/?page_id=14"},"modified":"2024-03-07T09:00:14","modified_gmt":"2024-03-07T09:00:14","slug":"micha-2","status":"publish","type":"page","link":"https:\/\/lasertechnik-grimm.de\/","title":{"rendered":"Unsere Technik"},"content":{"rendered":"<div id=\"pl-14\"  class=\"panel-layout\" ><div id=\"pg-14-0\"  class=\"panel-grid panel-no-style\" ><div id=\"pgc-14-0-0\"  class=\"panel-grid-cell\" ><div id=\"panel-14-0-0-0\" class=\"so-panel widget widget_sow-editor panel-first-child\" data-index=\"0\" ><div\n\t\t\t\n\t\t\tclass=\"so-widget-sow-editor so-widget-sow-editor-base\"\n\t\t\t\n\t\t>\n<div class=\"siteorigin-widget-tinymce textwidget\">\n\t<p><strong><a href=\"\/wp-content\/uploads\/2024\/02\/Digital-Anschreiben-LAT-2024.pdf\" target=\"_blank\" rel=\"noopener\">Frischer Wind in bew\u00e4hrten H\u00e4nden:<br \/>\nSedat Ergin Ergani \u00fcbernimmt das Ruder bei L\u00b7A\u00b7T<\/a><\/strong><\/p>\n<h1><strong><span style=\"color: #ff0000;\">BEEINDRUCKENDE M\u00d6GLICHKEITEN F\u00dcR SIE<\/span><\/strong><\/h1>\n<p><img loading=\"lazy\" decoding=\"async\" class=\" wp-image-50\" src=\"https:\/\/lasertechnik-grimm.de\/wp-content\/uploads\/2017\/07\/LVD_LYNX-300x225.jpg\" alt=\"\" width=\"485\" height=\"364\" srcset=\"https:\/\/lasertechnik-grimm.de\/wp-content\/uploads\/2017\/07\/LVD_LYNX-300x225.jpg 300w, https:\/\/lasertechnik-grimm.de\/wp-content\/uploads\/2017\/07\/LVD_LYNX-768x576.jpg 768w, https:\/\/lasertechnik-grimm.de\/wp-content\/uploads\/2017\/07\/LVD_LYNX-1024x768.jpg 1024w, https:\/\/lasertechnik-grimm.de\/wp-content\/uploads\/2017\/07\/LVD_LYNX.jpg 1920w\" sizes=\"auto, (max-width: 485px) 100vw, 485px\" \/><\/p>\n<p><strong>Technik vom Feinsten.<\/strong><\/p>\n<p>Die Antriebssysteme unserer LVD-<strong> <em>CO\u00b2-Laser<\/em><\/strong> besitzen eine hohe Steifigkeit und Geschwindigkeitsverst\u00e4rkungen, sie erlauben selbst bei feinsten Konturen ein optimales Schnittergebnis.<\/p>\n<p>Mit unserem LVD-<strong><em>Faserlaser<\/em><\/strong> der neuesten Generation sind wird in der Lage, schneller und effizienter zu produzieren.<\/p>\n<p>Bei d\u00fcnnen Materialien (bis 5mm St\u00e4rke) kann der Faserlaser bis zu f\u00fcnfmal schneller schneiden als unsere CO\u00b2-Laser, wodurch pro Stunde mehr Teile produziert werden k\u00f6nnen.Die erh\u00f6te Produktivit\u00e4t senkt unmittelbar die St\u00fcckkosten.<\/p>\n<p>Damit wird die Lasertechnik auch f\u00fcr Gro\u00dfauflagen interessant und zur Stanztechnik konkurrenzf\u00e4hig. Mit gro\u00dfer Pr\u00e4zision und ohne Werkzeugkosten. Besonders im D\u00fcnnblechbereich k\u00f6nnen Sie von der Effizienz unserer Maschine profitieren.<\/p>\n<p><strong>Und dank unseres Umfangreichen Lagers f\u00fcr Federbandst\u00e4hle <em>(1.4310\/C45\/C67\/C75)<\/em> in St\u00e4rken ab 0,1 Millimeter aufw\u00e4rts, zum Teil in 0,01 mm Schritten und verschiedenen Festigkeiten, sind wir in der Lage flexiblen und genau auf ihren Bedarf zu produzieren.<\/strong><\/p>\n<p>Nat\u00fcrlich sind auch jegliche Baust\u00e4hle, V2A\/V4A, Alu und Buntmetalle (CuSn6\/CuZn37) lagerm\u00e4ssig vorhanden.<\/p>\n<p><em>Faserlasern \u00e1 la<\/em> <strong>L<span style=\"color: #ff0000;\">*<\/span>A<span style=\"color: #ff0000;\">*<\/span>T<\/strong> <em>ist<\/em><\/p>\n<ul>\n<li><strong><em>spezialisiert auf D\u00fcnnbleche bis 5,0 mm<\/em><\/strong><\/li>\n<li><strong><em>bis zu 5-fach schneller als herk\u00f6mmliche Laserverfahren<\/em><\/strong><\/li>\n<li><strong><em>ideal f\u00fcr Gro\u00dfauflagen<\/em><\/strong><\/li>\n<li><strong><em>dank umfangreichen Stahllagers schnell und bedarfsgerecht produkionsbereit<\/em><\/strong><\/li>\n<\/ul>\n<p><img loading=\"lazy\" decoding=\"async\" class=\"alignnone wp-image-51\" style=\"font-size: 1rem;\" src=\"https:\/\/lasertechnik-grimm.de\/wp-content\/uploads\/2017\/07\/lager_kl-300x172.jpg\" alt=\"\" width=\"299\" height=\"172\" \/><\/p>\n<\/div>\n<\/div><\/div><div id=\"panel-14-0-0-1\" class=\"so-panel widget widget_media_video panel-last-child\" data-index=\"1\" ><div style=\"width:100%;\" class=\"wp-video\"><video class=\"wp-video-shortcode\" id=\"video-14-1\" preload=\"metadata\" controls=\"controls\"><source type=\"video\/youtube\" src=\"https:\/\/www.youtube.com\/watch?v=TGJlUKq_DSE&#038;_=1\" \/><a href=\"https:\/\/www.youtube.com\/watch?v=TGJlUKq_DSE\">https:\/\/www.youtube.com\/watch?v=TGJlUKq_DSE<\/a><\/video><\/div><\/div><\/div><\/div><div id=\"pg-14-1\"  class=\"panel-grid panel-no-style\" ><div id=\"pgc-14-1-0\"  class=\"panel-grid-cell panel-grid-cell-empty\" ><\/div><\/div><\/div>","protected":false},"excerpt":{"rendered":"<p>Frischer Wind in bew\u00e4hrten H\u00e4nden: Sedat Ergin Ergani \u00fcbernimmt das Ruder bei L\u00b7A\u00b7T BEEINDRUCKENDE M\u00d6GLICHKEITEN F\u00dcR SIE Technik vom Feinsten. Die Antriebssysteme unserer LVD- CO\u00b2-Laser besitzen eine hohe Steifigkeit und Geschwindigkeitsverst\u00e4rkungen, sie erlauben selbst bei feinsten Konturen ein optimales Schnittergebnis. Mit unserem LVD-Faserlaser der neuesten Generation sind wird in der Lage, schneller und effizienter zu &hellip; <\/p>\n<p class=\"link-more\"><a href=\"https:\/\/lasertechnik-grimm.de\/\" class=\"more-link\"><span class=\"screen-reader-text\">\u201eUnsere Technik\u201c<\/span> weiterlesen<\/a><\/p>\n","protected":false},"author":1,"featured_media":158,"parent":0,"menu_order":0,"comment_status":"closed","ping_status":"closed","template":"","meta":{"footnotes":""},"class_list":["post-14","page","type-page","status-publish","has-post-thumbnail","hentry"],"_links":{"self":[{"href":"https:\/\/lasertechnik-grimm.de\/index.php?rest_route=\/wp\/v2\/pages\/14","targetHints":{"allow":["GET"]}}],"collection":[{"href":"https:\/\/lasertechnik-grimm.de\/index.php?rest_route=\/wp\/v2\/pages"}],"about":[{"href":"https:\/\/lasertechnik-grimm.de\/index.php?rest_route=\/wp\/v2\/types\/page"}],"author":[{"embeddable":true,"href":"https:\/\/lasertechnik-grimm.de\/index.php?rest_route=\/wp\/v2\/users\/1"}],"replies":[{"embeddable":true,"href":"https:\/\/lasertechnik-grimm.de\/index.php?rest_route=%2Fwp%2Fv2%2Fcomments&post=14"}],"version-history":[{"count":39,"href":"https:\/\/lasertechnik-grimm.de\/index.php?rest_route=\/wp\/v2\/pages\/14\/revisions"}],"predecessor-version":[{"id":274,"href":"https:\/\/lasertechnik-grimm.de\/index.php?rest_route=\/wp\/v2\/pages\/14\/revisions\/274"}],"wp:featuredmedia":[{"embeddable":true,"href":"https:\/\/lasertechnik-grimm.de\/index.php?rest_route=\/wp\/v2\/media\/158"}],"wp:attachment":[{"href":"https:\/\/lasertechnik-grimm.de\/index.php?rest_route=%2Fwp%2Fv2%2Fmedia&parent=14"}],"curies":[{"name":"wp","href":"https:\/\/api.w.org\/{rel}","templated":true}]}}