{"id":123,"date":"2018-01-18T13:14:00","date_gmt":"2018-01-18T13:14:00","guid":{"rendered":"http:\/\/lasertechnik-grimm.de\/?page_id=123"},"modified":"2018-01-19T11:16:36","modified_gmt":"2018-01-19T11:16:36","slug":"daten-fakten","status":"publish","type":"page","link":"https:\/\/lasertechnik-grimm.de\/?page_id=123","title":{"rendered":"Daten &#038; Fakten"},"content":{"rendered":"<p><strong>Materialkapazit\u00e4ten<\/strong><\/p>\n<p>Wir verarbeiten Metalle verschiedenster Art in St\u00e4rken von 0,10 bis 12 mm.<\/p>\n<p>In der Maximalabmessung von 1250x2500mm (CO\u00b2-Laser) bzw. 1500x3000mm (Faserlaser) ist dabei jede Formgebung m\u00f6glich.<\/p>\n<p>Diese Materialien k\u00f6nnen wir bis zur angegebenen St\u00e4rke bearbeiten.<\/p>\n<p><em>Stahl:\u00a0<\/em>\u00a0\u00a0\u00a0\u00a0\u00a0\u00a0\u00a0\u00a0\u00a0\u00a0\u00a0 0,1-12mm<\/p>\n<p><em>Edelstahl: <\/em>\u00a0\u00a0 0,1-10mm<\/p>\n<p><em>Aluminium:<\/em> 0,1-8mm<\/p>\n<p><em>Messing:<\/em>\u00a0\u00a0\u00a0\u00a0\u00a0 0,1-8mm<\/p>\n<p><em>Kupfer:\u00a0<\/em>\u00a0\u00a0\u00a0\u00a0\u00a0\u00a0\u00a0\u00a0 0,1-6mm<\/p>\n<p>&nbsp;<\/p>\n<p><strong>Unterschiedliche Schneidgeschwindigkeiten CO\u00b2 vs. Faserlaser.<\/strong><\/p>\n<p><em>1mm\/ Stahl S225JR<\/em><\/p>\n<p>CO\u00b2\u00a0 = ca. 2500mm\/Min.<\/p>\n<p>Faserlaser = ca.10000mm\/Min.<\/p>\n<p>&nbsp;<\/p>\n<p><em>5mm\/Stahl S235JR<\/em><\/p>\n<p>CO\u00b2\u00a0 = ca. 1800mm\/Min.<\/p>\n<p>Faserlaser = ca. 2200mm\/Min.<\/p>\n<p>&nbsp;<\/p>\n<p><strong>Gleitschleifen<\/strong><\/p>\n<p>Wir haben 2 Trowalanlagen in denen Ihre Teile (max. 100x100mm) geschliffen und entgratet werden.<\/p>\n<p>&nbsp;<\/p>\n<p><strong>Service<\/strong><\/p>\n<p>Heute gebracht ,morgen gemacht und auf Wunsch von unserem Service geliefert.<\/p>\n<p><img loading=\"lazy\" decoding=\"async\" class=\"alignnone size-medium wp-image-247\" src=\"https:\/\/lasertechnik-grimm.de\/wp-content\/uploads\/2018\/01\/IMG_1272-300x200.jpg\" alt=\"\" width=\"300\" height=\"200\" srcset=\"https:\/\/lasertechnik-grimm.de\/wp-content\/uploads\/2018\/01\/IMG_1272-300x200.jpg 300w, https:\/\/lasertechnik-grimm.de\/wp-content\/uploads\/2018\/01\/IMG_1272-768x512.jpg 768w, https:\/\/lasertechnik-grimm.de\/wp-content\/uploads\/2018\/01\/IMG_1272-1024x683.jpg 1024w, https:\/\/lasertechnik-grimm.de\/wp-content\/uploads\/2018\/01\/IMG_1272-272x182.jpg 272w\" sizes=\"auto, (max-width: 300px) 100vw, 300px\" \/><\/p>\n<p>Flexibel,qualit\u00e4tsorientiert und immer termingerecht, das sind die Vorteile unseres engagierten Unternehmens.<\/p>\n<p>Ob gro\u00dfe oder kleine Auflagen, wir beraten Sie gerne bei Fragen der Materialauswahl und der Fertigungsm\u00f6glichkeiten.<\/p>\n<p><strong>Machen Sie sich unsere \u00fcber 30 j\u00e4hrige Erfahrung auf dem Gebiet der Lasertechnik zunutze.<\/strong><\/p>\n<p>&nbsp;<\/p>\n<p>&nbsp;<\/p>\n","protected":false},"excerpt":{"rendered":"<p>Materialkapazit\u00e4ten Wir verarbeiten Metalle verschiedenster Art in St\u00e4rken von 0,10 bis 12 mm. In der Maximalabmessung von 1250x2500mm (CO\u00b2-Laser) bzw. 1500x3000mm (Faserlaser) ist dabei jede Formgebung m\u00f6glich. Diese Materialien k\u00f6nnen wir bis zur angegebenen St\u00e4rke bearbeiten. Stahl:\u00a0\u00a0\u00a0\u00a0\u00a0\u00a0\u00a0\u00a0\u00a0\u00a0\u00a0\u00a0 0,1-12mm Edelstahl: \u00a0\u00a0 0,1-10mm Aluminium: 0,1-8mm Messing:\u00a0\u00a0\u00a0\u00a0\u00a0 0,1-8mm Kupfer:\u00a0\u00a0\u00a0\u00a0\u00a0\u00a0\u00a0\u00a0\u00a0 0,1-6mm &nbsp; Unterschiedliche Schneidgeschwindigkeiten CO\u00b2 vs. Faserlaser. 1mm\/ Stahl &hellip; <\/p>\n<p class=\"link-more\"><a href=\"https:\/\/lasertechnik-grimm.de\/?page_id=123\" class=\"more-link\"><span class=\"screen-reader-text\">\u201eDaten &#038; Fakten\u201c<\/span> weiterlesen<\/a><\/p>\n","protected":false},"author":1,"featured_media":0,"parent":0,"menu_order":0,"comment_status":"closed","ping_status":"closed","template":"","meta":{"footnotes":""},"class_list":["post-123","page","type-page","status-publish","hentry"],"_links":{"self":[{"href":"https:\/\/lasertechnik-grimm.de\/index.php?rest_route=\/wp\/v2\/pages\/123","targetHints":{"allow":["GET"]}}],"collection":[{"href":"https:\/\/lasertechnik-grimm.de\/index.php?rest_route=\/wp\/v2\/pages"}],"about":[{"href":"https:\/\/lasertechnik-grimm.de\/index.php?rest_route=\/wp\/v2\/types\/page"}],"author":[{"embeddable":true,"href":"https:\/\/lasertechnik-grimm.de\/index.php?rest_route=\/wp\/v2\/users\/1"}],"replies":[{"embeddable":true,"href":"https:\/\/lasertechnik-grimm.de\/index.php?rest_route=%2Fwp%2Fv2%2Fcomments&post=123"}],"version-history":[{"count":10,"href":"https:\/\/lasertechnik-grimm.de\/index.php?rest_route=\/wp\/v2\/pages\/123\/revisions"}],"predecessor-version":[{"id":248,"href":"https:\/\/lasertechnik-grimm.de\/index.php?rest_route=\/wp\/v2\/pages\/123\/revisions\/248"}],"wp:attachment":[{"href":"https:\/\/lasertechnik-grimm.de\/index.php?rest_route=%2Fwp%2Fv2%2Fmedia&parent=123"}],"curies":[{"name":"wp","href":"https:\/\/api.w.org\/{rel}","templated":true}]}}